{"id":1005,"date":"2022-01-18T16:02:58","date_gmt":"2022-01-18T16:02:58","guid":{"rendered":"http:\/\/www.verjus.at\/?page_id=1005"},"modified":"2022-01-25T14:38:20","modified_gmt":"2022-01-25T14:38:20","slug":"verjus-salatmarinade","status":"publish","type":"page","link":"https:\/\/www.verjus.at\/en\/verjus-salatmarinade\/","title":{"rendered":"Verjus Salatmarinade"},"content":{"rendered":"<section class=\"wp-block-themeisle-blocks-advanced-columns alignfull has-2-columns has-desktop-equal-layout has-tablet-equal-layout has-mobile-collapsedRows-layout has-nogap-gap has-vertical-flex-start\" id=\"wp-block-themeisle-blocks-advanced-columns-ccfdd483\"><div class=\"wp-block-themeisle-blocks-advanced-columns-overlay\"><\/div><div class=\"innerblocks-wrap\">\n<div class=\"wp-block-themeisle-blocks-advanced-column\" id=\"wp-block-themeisle-blocks-advanced-column-5e80d468\">\n<p>Reicht f\u00fcr 4 gro\u00dfe Blattsalate<\/p>\n\n\n\n<p>\u00d6l nach Belieben. Zucker kann auch durch Honig o.\u00e4. ersetzt werden.<\/p>\n\n\n\n<p>Dieses Rezept ist ein Basisrezept, dass vielf\u00e4ltig abge\u00e4ndert werden kann. Man kann Senf einr\u00fchren, verschiedenste Kr\u00e4uter, Beeren, gehackte N\u00fcsse\u2026\u2026\u2026<\/p>\n\n\n\n<p><a href=\"https:\/\/www.verjus.at\/en\/rezepte\/\" title=\"zur\u00fcck\">zur\u00fcck<\/a><\/p>\n\n\n\n<div class=\"wp-block-buttons is-layout-flex wp-block-buttons-is-layout-flex\"><\/div>\n<\/div>\n\n\n\n<div class=\"wp-block-themeisle-blocks-advanced-column\" id=\"wp-block-themeisle-blocks-advanced-column-db653346\">\n<figure class=\"wp-block-image size-full\"><img data-recalc-dims=\"1\" loading=\"lazy\" decoding=\"async\" width=\"640\" height=\"425\" src=\"https:\/\/i0.wp.com\/www.verjus.at\/wp-content\/uploads\/2022\/01\/Salat-mit-Eierschwammerl1.jpeg?resize=640%2C425\" alt=\"\" class=\"wp-image-1006\" srcset=\"https:\/\/i0.wp.com\/www.verjus.at\/wp-content\/uploads\/2022\/01\/Salat-mit-Eierschwammerl1.jpeg?w=640&amp;ssl=1 640w, https:\/\/i0.wp.com\/www.verjus.at\/wp-content\/uploads\/2022\/01\/Salat-mit-Eierschwammerl1.jpeg?resize=300%2C199&amp;ssl=1 300w, https:\/\/i0.wp.com\/www.verjus.at\/wp-content\/uploads\/2022\/01\/Salat-mit-Eierschwammerl1.jpeg?resize=391%2C260&amp;ssl=1 391w, https:\/\/i0.wp.com\/www.verjus.at\/wp-content\/uploads\/2022\/01\/Salat-mit-Eierschwammerl1.jpeg?resize=18%2C12&amp;ssl=1 18w, https:\/\/i0.wp.com\/www.verjus.at\/wp-content\/uploads\/2022\/01\/Salat-mit-Eierschwammerl1.jpeg?resize=600%2C398&amp;ssl=1 600w\" sizes=\"auto, (max-width: 640px) 100vw, 640px\" \/><\/figure>\n\n\n\n<figure class=\"wp-block-table is-style-regular\"><table class=\"has-background\" style=\"background-color:#d1d3d3\"><tbody><tr><td> 200g Kamptal Verjus Gr\u00fcner Veltliner<br>    20g Zucker<br>8-10g Salz<\/td><\/tr><\/tbody><\/table><\/figure>\n<\/div>\n<\/div><\/section>","protected":false},"excerpt":{"rendered":"","protected":false},"author":1,"featured_media":0,"parent":0,"menu_order":0,"comment_status":"closed","ping_status":"closed","template":"","meta":{"om_disable_all_campaigns":false,"_monsterinsights_skip_tracking":false,"_monsterinsights_sitenote_active":false,"_monsterinsights_sitenote_note":"","_monsterinsights_sitenote_category":0,"neve_meta_sidebar":"","neve_meta_container":"","neve_meta_enable_content_width":"","neve_meta_content_width":0,"neve_meta_title_alignment":"","neve_meta_author_avatar":"","neve_post_elements_order":"","neve_meta_disable_header":"","neve_meta_disable_footer":"","neve_meta_disable_title":"","neve_meta_reading_time":"","_themeisle_gutenberg_block_has_review":false,"_ti_tpc_template_sync":false,"_ti_tpc_template_id":"","footnotes":""},"class_list":["post-1005","page","type-page","status-publish","hentry"],"jetpack_sharing_enabled":true,"_links":{"self":[{"href":"https:\/\/www.verjus.at\/en\/wp-json\/wp\/v2\/pages\/1005","targetHints":{"allow":["GET"]}}],"collection":[{"href":"https:\/\/www.verjus.at\/en\/wp-json\/wp\/v2\/pages"}],"about":[{"href":"https:\/\/www.verjus.at\/en\/wp-json\/wp\/v2\/types\/page"}],"author":[{"embeddable":true,"href":"https:\/\/www.verjus.at\/en\/wp-json\/wp\/v2\/users\/1"}],"replies":[{"embeddable":true,"href":"https:\/\/www.verjus.at\/en\/wp-json\/wp\/v2\/comments?post=1005"}],"version-history":[{"count":3,"href":"https:\/\/www.verjus.at\/en\/wp-json\/wp\/v2\/pages\/1005\/revisions"}],"predecessor-version":[{"id":1081,"href":"https:\/\/www.verjus.at\/en\/wp-json\/wp\/v2\/pages\/1005\/revisions\/1081"}],"wp:attachment":[{"href":"https:\/\/www.verjus.at\/en\/wp-json\/wp\/v2\/media?parent=1005"}],"curies":[{"name":"wp","href":"https:\/\/api.w.org\/{rel}","templated":true}]}}