{"id":974,"date":"2022-01-12T10:27:12","date_gmt":"2022-01-12T10:27:12","guid":{"rendered":"http:\/\/www.verjus.at\/?page_id=974"},"modified":"2023-03-06T13:50:26","modified_gmt":"2023-03-06T13:50:26","slug":"rezepte","status":"publish","type":"page","link":"https:\/\/www.verjus.at\/en\/rezepte\/","title":{"rendered":"Rezepte"},"content":{"rendered":"<section id=\"wp-block-themeisle-blocks-advanced-columns-e4373a2b\" class=\"wp-block-themeisle-blocks-advanced-columns alignfull has-1-columns has-desktop-equal-layout has-tablet-equal-layout has-mobile-equal-layout has-vertical-flex-start\"><div class=\"wp-block-themeisle-blocks-advanced-columns-overlay\"><\/div><div class=\"innerblocks-wrap\">\n<div id=\"wp-block-themeisle-blocks-advanced-column-0b9db5af\" class=\"wp-block-themeisle-blocks-advanced-column\">\n<section id=\"wp-block-themeisle-blocks-advanced-columns-e7931e5c\" class=\"wp-block-themeisle-blocks-advanced-columns alignfull has-2-columns has-desktop-twoOne-layout has-tablet-equal-layout has-mobile-collapsedRows-layout has-vertical-center\"><div class=\"wp-block-themeisle-blocks-advanced-columns-overlay\"><\/div><div class=\"innerblocks-wrap\">\n<div id=\"wp-block-themeisle-blocks-advanced-column-311d4b3f\" class=\"wp-block-themeisle-blocks-advanced-column\">\n<h2 class=\"has-text-align-left wp-block-heading\"><strong>Rezepte und Anwendungshinweise f\u00fcr Verjus<\/strong><\/h2>\n\n\n\n<p>Grunds\u00e4tzlich kann Verjus \u00fcberall dort eingesetzt werden, wo Wein in Rezepten verwendet, oder wo als S\u00e4uerungsmittel Essig oder Zitronensaft zugegeben wird.&nbsp;<br>Menschen, die allergische Reaktionen gegen Zitrusfr\u00fcchte oder Essig zeigen, haben so auch die M\u00f6glichkeit einen sehr eleganten Ersatz daf\u00fcr verwenden zu k\u00f6nnen. Nat\u00fcrlich sollten Sie keine \u00dcberempfindlichkeit gegen\u00fcber Traubensaft haben.&nbsp;<br>Dabei sind der Phantasie keine Grenzen gesetzt. Von der Vorspeise bis zum Dessert gibt es vielseitige Anwendungsm\u00f6glichkeiten.<\/p>\n<\/div>\n\n\n\n<div id=\"wp-block-themeisle-blocks-advanced-column-49224624\" class=\"wp-block-themeisle-blocks-advanced-column\">\n<figure class=\"wp-block-image size-full animated fadeInRight\" id=\"wp-block-themeisle-blocks-image-c1e53697\"><img data-recalc-dims=\"1\" loading=\"lazy\" decoding=\"async\" width=\"726\" height=\"968\" src=\"https:\/\/i0.wp.com\/www.verjus.at\/wp-content\/uploads\/2022\/01\/start-rezepte.jpg?resize=726%2C968\" alt=\"\" class=\"wp-image-1073\" srcset=\"https:\/\/i0.wp.com\/www.verjus.at\/wp-content\/uploads\/2022\/01\/start-rezepte.jpg?w=726&amp;ssl=1 726w, https:\/\/i0.wp.com\/www.verjus.at\/wp-content\/uploads\/2022\/01\/start-rezepte.jpg?resize=225%2C300&amp;ssl=1 225w, https:\/\/i0.wp.com\/www.verjus.at\/wp-content\/uploads\/2022\/01\/start-rezepte.jpg?resize=300%2C400&amp;ssl=1 300w, https:\/\/i0.wp.com\/www.verjus.at\/wp-content\/uploads\/2022\/01\/start-rezepte.jpg?resize=9%2C12&amp;ssl=1 9w, https:\/\/i0.wp.com\/www.verjus.at\/wp-content\/uploads\/2022\/01\/start-rezepte.jpg?resize=600%2C800&amp;ssl=1 600w\" sizes=\"auto, (max-width: 726px) 100vw, 726px\" \/><\/figure>\n<\/div>\n<\/div><\/section>\n\n\n\n<hr class=\"wp-block-separator has-css-opacity\"\/>\n\n\n\n<section id=\"wp-block-themeisle-blocks-advanced-columns-6fc7adce\" class=\"wp-block-themeisle-blocks-advanced-columns has-3-columns has-desktop-equal-layout has-tablet-equal-layout has-mobile-collapsedRows-layout has-vertical-flex-start\"><div class=\"wp-block-themeisle-blocks-advanced-columns-overlay\"><\/div><div class=\"innerblocks-wrap\">\n<div id=\"wp-block-themeisle-blocks-advanced-column-25e97a9a\" class=\"wp-block-themeisle-blocks-advanced-column\">\n<figure class=\"wp-block-image size-full animated fadeInLeft\"><img data-recalc-dims=\"1\" loading=\"lazy\" decoding=\"async\" width=\"726\" height=\"968\" src=\"https:\/\/i0.wp.com\/www.verjus.at\/wp-content\/uploads\/2023\/03\/salat.jpg?resize=726%2C968&#038;ssl=1\" alt=\"\" class=\"wp-image-1231\" srcset=\"https:\/\/i0.wp.com\/www.verjus.at\/wp-content\/uploads\/2023\/03\/salat.jpg?w=726&amp;ssl=1 726w, https:\/\/i0.wp.com\/www.verjus.at\/wp-content\/uploads\/2023\/03\/salat.jpg?resize=225%2C300&amp;ssl=1 225w, https:\/\/i0.wp.com\/www.verjus.at\/wp-content\/uploads\/2023\/03\/salat.jpg?resize=300%2C400&amp;ssl=1 300w, https:\/\/i0.wp.com\/www.verjus.at\/wp-content\/uploads\/2023\/03\/salat.jpg?resize=9%2C12&amp;ssl=1 9w, https:\/\/i0.wp.com\/www.verjus.at\/wp-content\/uploads\/2023\/03\/salat.jpg?resize=600%2C800&amp;ssl=1 600w\" sizes=\"auto, (max-width: 726px) 100vw, 726px\" \/><\/figure>\n\n\n\n<h3 class=\"has-text-align-left wp-block-heading\">Verjus Salatmarinade<\/h3>\n\n\n\n<div class=\"wp-block-buttons is-layout-flex wp-block-buttons-is-layout-flex\">\n<div class=\"wp-block-button is-style-primary\"><a class=\"wp-block-button__link wp-element-button\" href=\"https:\/\/www.verjus.at\/en\/verjus-salatmarinade\/\" target=\"_blank\" rel=\"noreferrer noopener\">Rezept<\/a><\/div>\n<\/div>\n<\/div>\n\n\n\n<div id=\"wp-block-themeisle-blocks-advanced-column-b5b3ad1c\" class=\"wp-block-themeisle-blocks-advanced-column\">\n<figure class=\"wp-block-image size-full\"><img data-recalc-dims=\"1\" loading=\"lazy\" decoding=\"async\" width=\"726\" height=\"968\" src=\"https:\/\/i0.wp.com\/www.verjus.at\/wp-content\/uploads\/2023\/03\/kuerbis.jpg?resize=726%2C968&#038;ssl=1\" alt=\"\" class=\"wp-image-1232\" srcset=\"https:\/\/i0.wp.com\/www.verjus.at\/wp-content\/uploads\/2023\/03\/kuerbis.jpg?w=726&amp;ssl=1 726w, https:\/\/i0.wp.com\/www.verjus.at\/wp-content\/uploads\/2023\/03\/kuerbis.jpg?resize=225%2C300&amp;ssl=1 225w, https:\/\/i0.wp.com\/www.verjus.at\/wp-content\/uploads\/2023\/03\/kuerbis.jpg?resize=300%2C400&amp;ssl=1 300w, https:\/\/i0.wp.com\/www.verjus.at\/wp-content\/uploads\/2023\/03\/kuerbis.jpg?resize=9%2C12&amp;ssl=1 9w, https:\/\/i0.wp.com\/www.verjus.at\/wp-content\/uploads\/2023\/03\/kuerbis.jpg?resize=600%2C800&amp;ssl=1 600w\" sizes=\"auto, (max-width: 726px) 100vw, 726px\" \/><\/figure>\n\n\n\n<h3 class=\"has-text-align-left wp-block-heading\">K\u00fcrbiscremesuppe<\/h3>\n\n\n\n<p class=\"has-text-align-left\">f\u00fcr 4 Gro\u00dfe Teller oder 6 Portionen<\/p>\n\n\n\n<div class=\"wp-block-buttons is-layout-flex wp-block-buttons-is-layout-flex\">\n<div class=\"wp-block-button is-style-primary\"><a class=\"wp-block-button__link wp-element-button\" href=\"https:\/\/www.verjus.at\/en\/kuerbiscremesuppe\/\" target=\"_blank\" rel=\"noreferrer noopener\">Rezept<\/a><\/div>\n<\/div>\n<\/div>\n\n\n\n<div id=\"wp-block-themeisle-blocks-advanced-column-6be03cf4\" class=\"wp-block-themeisle-blocks-advanced-column\">\n<figure class=\"wp-block-image size-full animated fadeInRight\"><img data-recalc-dims=\"1\" loading=\"lazy\" decoding=\"async\" width=\"726\" height=\"968\" src=\"https:\/\/i0.wp.com\/www.verjus.at\/wp-content\/uploads\/2023\/03\/Huhn-in-Verjus.jpg?resize=726%2C968&#038;ssl=1\" alt=\"\" class=\"wp-image-1233\" srcset=\"https:\/\/i0.wp.com\/www.verjus.at\/wp-content\/uploads\/2023\/03\/Huhn-in-Verjus.jpg?w=726&amp;ssl=1 726w, https:\/\/i0.wp.com\/www.verjus.at\/wp-content\/uploads\/2023\/03\/Huhn-in-Verjus.jpg?resize=225%2C300&amp;ssl=1 225w, https:\/\/i0.wp.com\/www.verjus.at\/wp-content\/uploads\/2023\/03\/Huhn-in-Verjus.jpg?resize=300%2C400&amp;ssl=1 300w, https:\/\/i0.wp.com\/www.verjus.at\/wp-content\/uploads\/2023\/03\/Huhn-in-Verjus.jpg?resize=9%2C12&amp;ssl=1 9w, https:\/\/i0.wp.com\/www.verjus.at\/wp-content\/uploads\/2023\/03\/Huhn-in-Verjus.jpg?resize=600%2C800&amp;ssl=1 600w\" sizes=\"auto, (max-width: 726px) 100vw, 726px\" \/><\/figure>\n\n\n\n<h3 class=\"has-text-align-left wp-block-heading\">Hendl in Verjus<\/h3>\n\n\n\n<p class=\"has-text-align-left\">f\u00fcr 4 Personen<\/p>\n\n\n\n<div class=\"wp-block-buttons is-layout-flex wp-block-buttons-is-layout-flex\">\n<div class=\"wp-block-button is-style-primary\"><a class=\"wp-block-button__link wp-element-button\" href=\"https:\/\/www.verjus.at\/en\/hendl-in-verjus\/\" target=\"_blank\" rel=\"noreferrer noopener\">Rezept<\/a><\/div>\n<\/div>\n<\/div>\n<\/div><\/section>\n<\/div>\n<\/div><\/section>","protected":false},"excerpt":{"rendered":"","protected":false},"author":1,"featured_media":1006,"parent":0,"menu_order":0,"comment_status":"closed","ping_status":"closed","template":"","meta":{"om_disable_all_campaigns":false,"_monsterinsights_skip_tracking":false,"_monsterinsights_sitenote_active":false,"_monsterinsights_sitenote_note":"","_monsterinsights_sitenote_category":0,"neve_meta_sidebar":"","neve_meta_container":"","neve_meta_enable_content_width":"","neve_meta_content_width":0,"neve_meta_title_alignment":"","neve_meta_author_avatar":"","neve_post_elements_order":"","neve_meta_disable_header":"","neve_meta_disable_footer":"","neve_meta_disable_title":"","neve_meta_reading_time":"","_themeisle_gutenberg_block_has_review":false,"_ti_tpc_template_sync":false,"_ti_tpc_template_id":"","footnotes":""},"class_list":["post-974","page","type-page","status-publish","has-post-thumbnail","hentry"],"jetpack_sharing_enabled":true,"_links":{"self":[{"href":"https:\/\/www.verjus.at\/en\/wp-json\/wp\/v2\/pages\/974","targetHints":{"allow":["GET"]}}],"collection":[{"href":"https:\/\/www.verjus.at\/en\/wp-json\/wp\/v2\/pages"}],"about":[{"href":"https:\/\/www.verjus.at\/en\/wp-json\/wp\/v2\/types\/page"}],"author":[{"embeddable":true,"href":"https:\/\/www.verjus.at\/en\/wp-json\/wp\/v2\/users\/1"}],"replies":[{"embeddable":true,"href":"https:\/\/www.verjus.at\/en\/wp-json\/wp\/v2\/comments?post=974"}],"version-history":[{"count":14,"href":"https:\/\/www.verjus.at\/en\/wp-json\/wp\/v2\/pages\/974\/revisions"}],"predecessor-version":[{"id":1234,"href":"https:\/\/www.verjus.at\/en\/wp-json\/wp\/v2\/pages\/974\/revisions\/1234"}],"wp:featuredmedia":[{"embeddable":true,"href":"https:\/\/www.verjus.at\/en\/wp-json\/wp\/v2\/media\/1006"}],"wp:attachment":[{"href":"https:\/\/www.verjus.at\/en\/wp-json\/wp\/v2\/media?parent=974"}],"curies":[{"name":"wp","href":"https:\/\/api.w.org\/{rel}","templated":true}]}}