{"id":829,"date":"2022-01-10T20:34:12","date_gmt":"2022-01-10T20:34:12","guid":{"rendered":"http:\/\/www.verjus.at\/?post_type=product&#038;p=829"},"modified":"2024-09-11T13:19:31","modified_gmt":"2024-09-11T13:19:31","slug":"kamptal-verjus-spritz","status":"publish","type":"product","link":"https:\/\/www.verjus.at\/en\/product\/kamptal-verjus-spritz\/","title":{"rendered":"Kamptal Verjus Spritz"},"content":{"rendered":"<p><em><strong>0,75 l<\/strong><\/em><\/p>\n<p>Der alkoholfreie Aperitif von Barbara \u00d6hlzelt &amp; Karl Schwillinsky!<\/p>\n<p>KAMPTAL VERJUS SPRITZ<br \/>\nist ein alkoholfreier und regionaler Aperitif auf Basis von Zweigelt Verjus, der mit Waldviertler Kr\u00e4uter-Sirup, Quellwasser und Kohlens\u00e4ure verfeinert wurde. Pur und gek\u00fchlt genossen erfrischt er mit ausschlie\u00dflich regionalen Zutaten.<br \/>\nKAMPTAL VERJUS SPRITZ<br \/>\nbesticht durch intensiven und astringierenden Geschmack nach Trauben \u2013 ganz ohne Alkohol.<\/p>\n<p>&nbsp;<\/p>\n<p>Der Preis versteht sich inklusive 20% Mwst.<\/p>","protected":false},"excerpt":{"rendered":"<p>KAMPTAL VERJUS SPRITZ<br \/>\nist ein alkoholfreier und regionaler Aperitif auf Basis von Zweigelt Verjus, der mit Waldviertler Kr\u00e4uter-Sirup, Quellwasser und Kohlens\u00e4ure verfeinert wurde. Pur und gek\u00fchlt genossen erfrischt er mit ausschlie\u00dflich regionalen Zutaten.<\/p>","protected":false},"featured_media":854,"comment_status":"open","ping_status":"closed","template":"","meta":{"om_disable_all_campaigns":false,"_monsterinsights_skip_tracking":false,"_monsterinsights_sitenote_active":false,"_monsterinsights_sitenote_note":"","_monsterinsights_sitenote_category":0,"neve_meta_sidebar":"","neve_meta_container":"","neve_meta_enable_content_width":"off","neve_meta_content_width":100,"neve_meta_title_alignment":"","neve_meta_author_avatar":"","neve_post_elements_order":"","neve_meta_disable_header":"","neve_meta_disable_footer":"","neve_meta_disable_title":"","neve_meta_reading_time":"","_themeisle_gutenberg_block_has_review":false,"_ti_tpc_template_sync":false,"_ti_tpc_template_id":""},"product_brand":[],"product_cat":[51],"product_tag":[],"class_list":{"0":"post-829","1":"product","2":"type-product","3":"status-publish","4":"has-post-thumbnail","6":"product_cat-aperitif","8":"first","9":"instock","10":"shipping-taxable","11":"purchasable","12":"product-type-simple"},"jetpack_sharing_enabled":true,"_links":{"self":[{"href":"https:\/\/www.verjus.at\/en\/wp-json\/wp\/v2\/product\/829","targetHints":{"allow":["GET"]}}],"collection":[{"href":"https:\/\/www.verjus.at\/en\/wp-json\/wp\/v2\/product"}],"about":[{"href":"https:\/\/www.verjus.at\/en\/wp-json\/wp\/v2\/types\/product"}],"replies":[{"embeddable":true,"href":"https:\/\/www.verjus.at\/en\/wp-json\/wp\/v2\/comments?post=829"}],"wp:featuredmedia":[{"embeddable":true,"href":"https:\/\/www.verjus.at\/en\/wp-json\/wp\/v2\/media\/854"}],"wp:attachment":[{"href":"https:\/\/www.verjus.at\/en\/wp-json\/wp\/v2\/media?parent=829"}],"wp:term":[{"taxonomy":"product_brand","embeddable":true,"href":"https:\/\/www.verjus.at\/en\/wp-json\/wp\/v2\/product_brand?post=829"},{"taxonomy":"product_cat","embeddable":true,"href":"https:\/\/www.verjus.at\/en\/wp-json\/wp\/v2\/product_cat?post=829"},{"taxonomy":"product_tag","embeddable":true,"href":"https:\/\/www.verjus.at\/en\/wp-json\/wp\/v2\/product_tag?post=829"}],"curies":[{"name":"wp","href":"https:\/\/api.w.org\/{rel}","templated":true}]}}