{"id":843,"date":"2022-01-10T21:49:27","date_gmt":"2022-01-10T21:49:27","guid":{"rendered":"http:\/\/www.verjus.at\/?post_type=product&#038;p=843"},"modified":"2026-03-05T06:41:40","modified_gmt":"2026-03-05T06:41:40","slug":"kamptal-verjus-vom-gruenen-veltliner-dacidite-05-l","status":"publish","type":"product","link":"https:\/\/www.verjus.at\/en\/product\/kamptal-verjus-vom-gruenen-veltliner-dacidite-05-l\/","title":{"rendered":"Kamptal  Verjus vom Gr\u00fcnen Veltliner + d\u2019acidit\u00e9 0,5 l"},"content":{"rendered":"<p>Pr\u00e4sentiert sich sehr knackig, s\u00e4urebetont und frisch, da wir diese Veltliner Trauben als erstes ernten. Kann auch sehr vielseitig verwendet werden \u2013 besonders zum Marinieren von Salat oder zum Einlegen von Gem\u00fcse. \u00dcberall, wo Sie knackige S\u00e4ure in eleganter Form ben\u00f6tigen.<\/p>\n<p>&nbsp;<\/p>\n<p>Der Preis versteht sich inklusive 10% Mwst<\/p>","protected":false},"excerpt":{"rendered":"<p>Pr\u00e4sentiert sich sehr knackig, s\u00e4urebetont und frisch, da wir diese Veltliner Trauben als erstes ernten.<\/p>","protected":false},"featured_media":1000,"comment_status":"open","ping_status":"closed","template":"","meta":{"om_disable_all_campaigns":false,"_monsterinsights_skip_tracking":false,"_monsterinsights_sitenote_active":false,"_monsterinsights_sitenote_note":"","_monsterinsights_sitenote_category":0,"neve_meta_sidebar":"","neve_meta_container":"","neve_meta_enable_content_width":"off","neve_meta_content_width":100,"neve_meta_title_alignment":"","neve_meta_author_avatar":"","neve_post_elements_order":"","neve_meta_disable_header":"","neve_meta_disable_footer":"","neve_meta_disable_title":"","neve_meta_reading_time":"","_themeisle_gutenberg_block_has_review":false,"_ti_tpc_template_sync":false,"_ti_tpc_template_id":""},"product_brand":[],"product_cat":[50],"product_tag":[],"class_list":{"0":"post-843","1":"product","2":"type-product","3":"status-publish","4":"has-post-thumbnail","6":"product_cat-verjus","8":"first","9":"instock","10":"shipping-taxable","11":"purchasable","12":"product-type-simple"},"jetpack_sharing_enabled":true,"_links":{"self":[{"href":"https:\/\/www.verjus.at\/en\/wp-json\/wp\/v2\/product\/843","targetHints":{"allow":["GET"]}}],"collection":[{"href":"https:\/\/www.verjus.at\/en\/wp-json\/wp\/v2\/product"}],"about":[{"href":"https:\/\/www.verjus.at\/en\/wp-json\/wp\/v2\/types\/product"}],"replies":[{"embeddable":true,"href":"https:\/\/www.verjus.at\/en\/wp-json\/wp\/v2\/comments?post=843"}],"wp:featuredmedia":[{"embeddable":true,"href":"https:\/\/www.verjus.at\/en\/wp-json\/wp\/v2\/media\/1000"}],"wp:attachment":[{"href":"https:\/\/www.verjus.at\/en\/wp-json\/wp\/v2\/media?parent=843"}],"wp:term":[{"taxonomy":"product_brand","embeddable":true,"href":"https:\/\/www.verjus.at\/en\/wp-json\/wp\/v2\/product_brand?post=843"},{"taxonomy":"product_cat","embeddable":true,"href":"https:\/\/www.verjus.at\/en\/wp-json\/wp\/v2\/product_cat?post=843"},{"taxonomy":"product_tag","embeddable":true,"href":"https:\/\/www.verjus.at\/en\/wp-json\/wp\/v2\/product_tag?post=843"}],"curies":[{"name":"wp","href":"https:\/\/api.w.org\/{rel}","templated":true}]}}